{"id":269,"date":"2017-11-08T09:02:36","date_gmt":"2017-11-08T09:02:36","guid":{"rendered":"https:\/\/sebastianirigaray.es\/?page_id=269"},"modified":"2017-11-08T09:02:36","modified_gmt":"2017-11-08T09:02:36","slug":"tecnologia","status":"publish","type":"page","link":"https:\/\/sebastianirigaray.es\/?page_id=269","title":{"rendered":"TECNOLOG\u00cdA"},"content":{"rendered":"<section class=\"av_textblock_section \"  itemscope=\"itemscope\" itemtype=\"https:\/\/schema.org\/CreativeWork\" ><div class='avia_textblock  '   itemprop=\"text\" ><p>Mecanizados Irigaray es una empresa especialista en el decoletaje y mecanizado de piezas, con m\u00e1s de 30 a\u00f1os de experiencia en el sector del metal. Somos una <strong>empresa de mecanizado\u00a0<\/strong>y decoletaje de piezas: en serie, de fresados, de taladros, de roscas, de decoletaje de aluminio, lat\u00f3n, bronce, en nylon de delrin, para l\u00e1mparas\u2026En nuestro<strong> taller de mecanizado <\/strong>nos caracterizamos por nuestra pol\u00edtica innovadora y esp\u00edritu emprendedor.<\/p>\n<p>En Mecanizados Irigaray asesoramos a nuestros clientes para adaptarnos lo m\u00e1ximo posible a sus necesidades. En el <strong>centro de mecanizado <\/strong>elaboramos productos que son utilizados por nuestros clientes para elaborar accesorios para cortinas, rieles, ba\u00f1os, decoraci\u00f3n, muebles met\u00e1licos para ello utilizamos materias primas como lat\u00f3n, hierro aluminio, nylon, pvc o acero inoxidable.<\/p>\n<\/div><\/section>\n","protected":false},"excerpt":{"rendered":"","protected":false},"author":1,"featured_media":267,"parent":0,"menu_order":0,"comment_status":"closed","ping_status":"closed","template":"","meta":[],"_links":{"self":[{"href":"https:\/\/sebastianirigaray.es\/index.php?rest_route=\/wp\/v2\/pages\/269"}],"collection":[{"href":"https:\/\/sebastianirigaray.es\/index.php?rest_route=\/wp\/v2\/pages"}],"about":[{"href":"https:\/\/sebastianirigaray.es\/index.php?rest_route=\/wp\/v2\/types\/page"}],"author":[{"embeddable":true,"href":"https:\/\/sebastianirigaray.es\/index.php?rest_route=\/wp\/v2\/users\/1"}],"replies":[{"embeddable":true,"href":"https:\/\/sebastianirigaray.es\/index.php?rest_route=%2Fwp%2Fv2%2Fcomments&post=269"}],"version-history":[{"count":0,"href":"https:\/\/sebastianirigaray.es\/index.php?rest_route=\/wp\/v2\/pages\/269\/revisions"}],"wp:featuredmedia":[{"embeddable":true,"href":"https:\/\/sebastianirigaray.es\/index.php?rest_route=\/wp\/v2\/media\/267"}],"wp:attachment":[{"href":"https:\/\/sebastianirigaray.es\/index.php?rest_route=%2Fwp%2Fv2%2Fmedia&parent=269"}],"curies":[{"name":"wp","href":"https:\/\/api.w.org\/{rel}","templated":true}]}}