{"id":265,"date":"2017-11-08T09:02:09","date_gmt":"2017-11-08T09:02:09","guid":{"rendered":"https:\/\/sebastianirigaray.es\/?page_id=265"},"modified":"2017-11-08T09:02:09","modified_gmt":"2017-11-08T09:02:09","slug":"quienes-somos","status":"publish","type":"page","link":"https:\/\/sebastianirigaray.es\/?page_id=265","title":{"rendered":"Quienes somos"},"content":{"rendered":"<section class=\"av_textblock_section \"  itemscope=\"itemscope\" itemtype=\"https:\/\/schema.org\/CreativeWork\" ><div class='avia_textblock  '   itemprop=\"text\" ><div class=\"col-xs-12\">\n<article class=\"post-2304 page type-page status-publish has-post-thumbnail hentry\">En Mecanizados Irigaray nos dedicamos al <strong>mecanizado de piezas<\/strong> en serie en tornos autom\u00e1ticos. Nuestra empresa fue fundada en 1982 bajo la denominaci\u00f3n Sebasti\u00e1n Irigaray Valiente, la primera ubicaci\u00f3n del <strong>taller de mecanizado<\/strong> se encontraba en Aldaia (Valencia). Posteriormente, nos constituimos como sociedad limitada adquiriendo el nombre Sebasti\u00e1n Irigaray S.L. Ante el crecimiento de la empresa y la necesidad de un mayor espacio para realizar la actividad correctamente, en 1995 la f\u00e1brica se traslad\u00f3 a una superficie mayor situada en la poblaci\u00f3n valenciana de Alacu\u00e1s. Aqu\u00ed contamos con unas instalaciones de 1.200 metros cuadrados, 19 tornos autom\u00e1ticos y m\u00e1s maquinaria de rendimiento complementario.A d\u00eda de hoy contamos con m\u00e1s de 30 a\u00f1os de experiencia en el sector, durante todo este tiempo de recorrido nuestra actividad principal ha sido el <strong>mecanizado<\/strong> y fabricaci\u00f3n de piezas a medida a trav\u00e9s del decoletaje. Nos caracterizamos por realizar un asesoramiento y atenci\u00f3n personalizada con cada cliente ajust\u00e1ndonos a sus necesidades.<\/p>\n<p>Mecanizados Irigaray est\u00e1 en continua evoluci\u00f3n, nos mantenemos al d\u00eda en el servicio de mecanizado realizando una continua renovaci\u00f3n de la maquinaria para ofrecer un mayor rendimiento y calidad de servicios.<\/p>\n<\/article>\n<\/div>\n<\/div><\/section>\n","protected":false},"excerpt":{"rendered":"","protected":false},"author":1,"featured_media":266,"parent":0,"menu_order":0,"comment_status":"closed","ping_status":"closed","template":"","meta":[],"_links":{"self":[{"href":"https:\/\/sebastianirigaray.es\/index.php?rest_route=\/wp\/v2\/pages\/265"}],"collection":[{"href":"https:\/\/sebastianirigaray.es\/index.php?rest_route=\/wp\/v2\/pages"}],"about":[{"href":"https:\/\/sebastianirigaray.es\/index.php?rest_route=\/wp\/v2\/types\/page"}],"author":[{"embeddable":true,"href":"https:\/\/sebastianirigaray.es\/index.php?rest_route=\/wp\/v2\/users\/1"}],"replies":[{"embeddable":true,"href":"https:\/\/sebastianirigaray.es\/index.php?rest_route=%2Fwp%2Fv2%2Fcomments&post=265"}],"version-history":[{"count":0,"href":"https:\/\/sebastianirigaray.es\/index.php?rest_route=\/wp\/v2\/pages\/265\/revisions"}],"wp:featuredmedia":[{"embeddable":true,"href":"https:\/\/sebastianirigaray.es\/index.php?rest_route=\/wp\/v2\/media\/266"}],"wp:attachment":[{"href":"https:\/\/sebastianirigaray.es\/index.php?rest_route=%2Fwp%2Fv2%2Fmedia&parent=265"}],"curies":[{"name":"wp","href":"https:\/\/api.w.org\/{rel}","templated":true}]}}